{"id":1116,"date":"2022-05-08T15:56:36","date_gmt":"2022-05-08T13:56:36","guid":{"rendered":"https:\/\/musicaanticamagnano.com\/?page_id=1116"},"modified":"2024-10-07T17:48:15","modified_gmt":"2024-10-07T15:48:15","slug":"lassociazione","status":"publish","type":"page","link":"https:\/\/musicaanticamagnano.com\/it\/lassociazione\/","title":{"rendered":"L'associazione"},"content":{"rendered":"\n<h2 class=\"wp-block-heading\">Musica Antica Magnano<\/h2>\n\n\n\n<p>durante una visita a Magnano con un amico musicista che <strong>Bernard Brauchli<\/strong> ebbe l'idea di organizzare un recital di clavicordo nella magnifica Chiesa Romanica di San Secondo, nei campi sotto il paese. Il grande e inaspettato successo di questo concerto port\u00f2 alla creazione nel 1986 dell'Associazione Musica Antica a Magnano in collaborazione con amici appassionati. Da allora, il festival ha accolto i pi\u00f9 grandi nomi della musica antica come Gustav Leonhardt, Christopher Hogwood, Jordi Savall, Luigi Tagliavini, cos\u00ec come ensemble come la European Baroque Orchestra (EBO). La sua fama mondiale \u00e8 stata salutata dal quotidiano La Stampa, che il 30 luglio 2021 ha titolato: \"<strong>Magnano si conferma capitale della musica antica con l'edizione numero 36 del Festival internazionale<\/strong>\".<\/p>\n\n\n<div class=\"wp-block-image\">\n<figure class=\"alignright size-large is-resized\"><img decoding=\"async\" width=\"1024\" height=\"683\" src=\"https:\/\/musicaanticamagnano.com\/wp-content\/uploads\/2022\/03\/DSCF5089_opti-1024x683.jpg\" alt=\"DSCF5089 Opti 1024x683\" class=\"wp-image-856\" style=\"width:402px;height:267px\" title=\"L&#039;associazione\" srcset=\"https:\/\/musicaanticamagnano.com\/wp-content\/uploads\/2022\/03\/DSCF5089_opti-1024x683.jpg 1024w, https:\/\/musicaanticamagnano.com\/wp-content\/uploads\/2022\/03\/DSCF5089_opti-300x200.jpg 300w, https:\/\/musicaanticamagnano.com\/wp-content\/uploads\/2022\/03\/DSCF5089_opti-768x512.jpg 768w, https:\/\/musicaanticamagnano.com\/wp-content\/uploads\/2022\/03\/DSCF5089_opti-1536x1024.jpg 1536w, https:\/\/musicaanticamagnano.com\/wp-content\/uploads\/2022\/03\/DSCF5089_opti-2048x1365.jpg 2048w, https:\/\/musicaanticamagnano.com\/wp-content\/uploads\/2022\/03\/DSCF5089_opti-scaled.jpg 2560w\" sizes=\"(max-width: 1024px) 100vw, 1024px\" \/><\/figure>\n<\/div>\n\n\n<p>Nell'agosto del 1988 ebbe luogo la prima edizione dei corsi estivi e da allora, ogni anno, un numero considerevole di studenti provenienti da tutto il mondo ha partecipato per una settimana.<\/p>\n\n\n\n<p>Nel 1993 Bernard Brauchli e Christopher Hogwood hanno fondato il Centro Internazionale per lo Studio del Clavicordo, che ha organizzato 12 simposi. Il loro lavoro ha portato ad altrettante pubblicazioni.<\/p>\n\n\n\n<p>Nel 1994 furono creati il corso e il concerto di Pasqua e il 31 dicembre 1999 fu dato il primo concerto di Capodanno.<\/p>\n\n\n\n<p>Dall'inizio, l'Associazione ha beneficiato del sostegno finanziario della Fondazione Willy Brauchli in Svizzera.<\/p>\n\n\n\n<div style=\"height:48px\" aria-hidden=\"true\" class=\"wp-block-spacer\"><\/div>\n\n\n\n<h2 class=\"wp-block-heading\">Direzione artistica<\/h2>\n\n\n\n<ul class=\"wp-block-list\">\n<li>Anastase&nbsp;D\u00e9m\u00e9triad\u00e8s<\/li>\n<\/ul>\n\n\n\n<blockquote class=\"wp-block-quote is-style-default is-layout-flow wp-block-quote-is-layout-flow\" style=\"font-style:normal;font-weight:400\">\n<p>Per informazioni su concerti e corsi, contattare&nbsp;<a href=\"mailto:info@musicaanticamagnano.com\">info@musicaanticamagnano.com<\/a><\/p>\n<\/blockquote>\n\n\n\n<div style=\"height:48px\" aria-hidden=\"true\" class=\"wp-block-spacer\"><\/div>\n\n\n\n<h2 class=\"wp-block-heading\">Comitato dell'Associazione<\/h2>\n\n\n\n<ul class=\"wp-block-list\">\n<li>Th\u00e9r\u00e8se Cuttelod, Presidente<\/li>\n\n\n\n<li>Pierluigi Piazza, Vicepresidente<\/li>\n\n\n\n<li>David Cuttelod, Tesoriere<\/li>\n\n\n\n<li>Luca Taccardi, Consulente artistico<\/li>\n\n\n\n<li>Giannina Flecchia, Membro<\/li>\n\n\n\n<li>Marco Fulchieris, Membro<\/li>\n<\/ul>\n\n\n\n<hr class=\"wp-block-separator has-css-opacity\"\/>\n\n\n\n<p>Su proposta di Bernard Brauchli, il comitato ha nominato Anastase D\u00e9m\u00e9triad\u00e8s come direttore nel 2019.<\/p>\n\n\n\n<div style=\"height:48px\" aria-hidden=\"true\" class=\"wp-block-spacer\"><\/div>\n\n\n\n<h2 class=\"wp-block-heading\">Bernard Brauchli <\/h2>\n\n\n\n<h5 class=\"wp-block-heading\">(1944 \u2013 2023)<\/h5>\n\n\n\n<h4 class=\"wp-block-heading has-medium-font-size\" style=\"text-transform:capitalize\">Presidente Onorario<\/h4>\n\n\n\n<p><\/p>\n\n\n<div class=\"wp-block-image\">\n<figure class=\"alignleft size-full\"><img decoding=\"async\" width=\"300\" height=\"300\" src=\"https:\/\/musicaanticamagnano.com\/wp-content\/uploads\/2022\/03\/Bernard-Brauchli1-1.jpg\" alt=\"Bernard Brauchli1 1\" class=\"wp-image-676\" title=\"L&#039;associazione\" srcset=\"https:\/\/musicaanticamagnano.com\/wp-content\/uploads\/2022\/03\/Bernard-Brauchli1-1.jpg 300w, https:\/\/musicaanticamagnano.com\/wp-content\/uploads\/2022\/03\/Bernard-Brauchli1-1-150x150.jpg 150w\" sizes=\"(max-width: 300px) 100vw, 300px\" \/><\/figure>\n<\/div>\n\n\n<p><strong>Bernard Brauchli<\/strong> \u00e8 stato uno dei principali artefici della rinascita del clavicordo; da oltre trent'anni si esibisce e tiene conferenze in tutto il mondo su questo strumento, oltre che sul pianoforte e sull'organo. Ha pubblicato numerosi articoli su riviste specializzate in Europa e il suo libro \u201cThe Clavichord\u201d \u00e8 stato pubblicato dalla Cambridge University Press nel 1998 (seconda edizione 2002, brossura 2005), per il quale ha ricevuto il Bessaraboff Prize dell'American Musical Instruments Society nel 2001. Si \u00e8 esibito in numerosi festival e per reti radiofoniche e televisive in molti paesi. Ha registrato LP e CD per TITANIC RECORDS (U.S.A.), EMI (Portogallo), MAM (Italia), STRADIVARIUS (Italia) e DARGIL (Portogallo) su strumenti originali o copie.<\/p>\n\n\n\n<p>Bernard Brauchli \u00e8 stato membro onorario della Midwestern Historical Keyboard Society (U.S.A.). \u00c8 stato anche membro del comitato artistico del Festival International de l'Orgue Ancien de Val\u00e8re (Svizzera) e per molti anni \u00e8 stato presidente e direttore artistico della Cambridge Society for Early Music (Stati Uniti).<\/p>\n\n\n\n<p>In riconoscimento del suo contributo alla vita e alla reputazione di Magnano, nel 2010 le autorit\u00e0 hanno conferito a Bernard Brauchli il titolo di cittadino onorario.<\/p>\n\n\n\n<figure class=\"wp-block-image size-large\"><img decoding=\"async\" width=\"1024\" height=\"683\" src=\"https:\/\/musicaanticamagnano.com\/wp-content\/uploads\/2022\/03\/Festival-Magnano-Bernard-Brauchli_opti-1024x683.jpg\" alt=\"Festival Magnano Bernard Brauchli Opti 1024x683\" class=\"wp-image-859\" title=\"L&#039;associazione\" srcset=\"https:\/\/musicaanticamagnano.com\/wp-content\/uploads\/2022\/03\/Festival-Magnano-Bernard-Brauchli_opti-1024x683.jpg 1024w, https:\/\/musicaanticamagnano.com\/wp-content\/uploads\/2022\/03\/Festival-Magnano-Bernard-Brauchli_opti-300x200.jpg 300w, https:\/\/musicaanticamagnano.com\/wp-content\/uploads\/2022\/03\/Festival-Magnano-Bernard-Brauchli_opti-768x512.jpg 768w, https:\/\/musicaanticamagnano.com\/wp-content\/uploads\/2022\/03\/Festival-Magnano-Bernard-Brauchli_opti-1536x1024.jpg 1536w, https:\/\/musicaanticamagnano.com\/wp-content\/uploads\/2022\/03\/Festival-Magnano-Bernard-Brauchli_opti-2048x1365.jpg 2048w, https:\/\/musicaanticamagnano.com\/wp-content\/uploads\/2022\/03\/Festival-Magnano-Bernard-Brauchli_opti-scaled.jpg 2560w\" sizes=\"(max-width: 1024px) 100vw, 1024px\" \/><\/figure>\n","protected":false},"excerpt":{"rendered":"<p>Musica Antica Magnano durante una visita a Magnano con un amico musicista che Bernard Brauchli ebbe l'idea di organizzare un recital di clavicordo nella magnifica Chiesa Romanica di San Secondo, nei campi sotto il paese. Il grande e inaspettato successo di questo concerto port\u00f2 alla creazione nel 1986 dell'Associazione Musica Antica a Magnano in collaborazione [&hellip;]<\/p>\n","protected":false},"author":1,"featured_media":0,"parent":0,"menu_order":0,"comment_status":"closed","ping_status":"closed","template":"","meta":{"iawp_total_views":209,"footnotes":""},"hf_cat_page":[133],"class_list":["post-1116","page","type-page","status-publish","hentry"],"publishpress_future_workflow_manual_trigger":{"enabledWorkflows":[]},"_links":{"self":[{"href":"https:\/\/musicaanticamagnano.com\/it\/wp-json\/wp\/v2\/pages\/1116","targetHints":{"allow":["GET"]}}],"collection":[{"href":"https:\/\/musicaanticamagnano.com\/it\/wp-json\/wp\/v2\/pages"}],"about":[{"href":"https:\/\/musicaanticamagnano.com\/it\/wp-json\/wp\/v2\/types\/page"}],"author":[{"embeddable":true,"href":"https:\/\/musicaanticamagnano.com\/it\/wp-json\/wp\/v2\/users\/1"}],"replies":[{"embeddable":true,"href":"https:\/\/musicaanticamagnano.com\/it\/wp-json\/wp\/v2\/comments?post=1116"}],"version-history":[{"count":23,"href":"https:\/\/musicaanticamagnano.com\/it\/wp-json\/wp\/v2\/pages\/1116\/revisions"}],"predecessor-version":[{"id":1788,"href":"https:\/\/musicaanticamagnano.com\/it\/wp-json\/wp\/v2\/pages\/1116\/revisions\/1788"}],"wp:attachment":[{"href":"https:\/\/musicaanticamagnano.com\/it\/wp-json\/wp\/v2\/media?parent=1116"}],"wp:term":[{"taxonomy":"hf_cat_page","embeddable":true,"href":"https:\/\/musicaanticamagnano.com\/it\/wp-json\/wp\/v2\/hf_cat_page?post=1116"}],"curies":[{"name":"wp","href":"https:\/\/api.w.org\/{rel}","templated":true}]}}