{"id":995,"date":"2022-04-10T10:36:24","date_gmt":"2022-04-10T08:36:24","guid":{"rendered":"https:\/\/musicaanticamagnano.com\/?page_id=995"},"modified":"2025-12-06T06:10:52","modified_gmt":"2025-12-06T05:10:52","slug":"cours-de-paques","status":"publish","type":"page","link":"https:\/\/musicaanticamagnano.com\/fr\/cours-de-paques\/","title":{"rendered":"Cours de P\u00e2ques"},"content":{"rendered":"\n<blockquote class=\"wp-block-quote is-style-plain is-layout-flow wp-block-quote-is-layout-flow is-style-plain--1\">\n<p>Sont ouverts \u00e0 tous \u00e0 l\u2019exception des d\u00e9butants. Ils offrent une opportunit\u00e9 rare d\u2019effectuer un travail tr\u00e8s intensif en cinq s\u00e9ances successives. Ils permettent ainsi de peaufiner une pr\u00e9paration d\u00e9j\u00e0 effectu\u00e9e du r\u00e9pertoire personnel ou de d\u00e9couvrir en profondeur des nouvelles \u0153uvres parmi celles propos\u00e9es par les professeurs. Que \u00e7a soit uniquement pour le plaisir personnel, ou en vue d\u2019un concert prochain ou m\u00eame en pr\u00e9paration d\u2019un examen de fin d\u2019ann\u00e9e acad\u00e9mique, les quelques jours pass\u00e9es sur place immerg\u00e9s dans la musique, repr\u00e9sentent par leur densit\u00e9 un pr\u00e9cieux compl\u00e9ment au travail effectu\u00e9 durant toute l\u2019ann\u00e9e. Et la participation, qui reste facultative, au concert final offre l\u2019opportunit\u00e9 de terminer dans le plaisir ce s\u00e9jour musical.<\/p>\n<\/blockquote>\n\n\n\n<blockquote class=\"wp-block-quote is-layout-flow wp-block-quote-is-layout-flow\">\n<p>La pr\u00e9sence simultan\u00e9e de la fl\u00fbte \u00e0 bec, de la viole de gambe, du violoncelle baroque et du clavecin offre une situation id\u00e9ale pour l\u2019\u00e9tude des particularit\u00e9s techniques de la musique de chambre.<\/p>\n<\/blockquote>\n\n\n\n<p><\/p>\n\n\n\n<figure class=\"wp-block-gallery has-nested-images columns-default is-cropped wp-block-gallery-2 is-layout-flex wp-block-gallery-is-layout-flex\">\n<figure class=\"wp-block-image size-large\"><img decoding=\"async\" width=\"2048\" height=\"1638\" data-id=\"78\" src=\"https:\/\/musicaanticamagnano.com\/wp-content\/uploads\/2021\/12\/DSCF5191-1.jpg\" alt=\"DSCF5191 1\" class=\"wp-image-78\" title=\"Cours de P\u00e2ques\" srcset=\"https:\/\/musicaanticamagnano.com\/wp-content\/uploads\/2021\/12\/DSCF5191-1.jpg 2048w, https:\/\/musicaanticamagnano.com\/wp-content\/uploads\/2021\/12\/DSCF5191-1-300x240.jpg 300w, https:\/\/musicaanticamagnano.com\/wp-content\/uploads\/2021\/12\/DSCF5191-1-1024x819.jpg 1024w, https:\/\/musicaanticamagnano.com\/wp-content\/uploads\/2021\/12\/DSCF5191-1-768x614.jpg 768w, https:\/\/musicaanticamagnano.com\/wp-content\/uploads\/2021\/12\/DSCF5191-1-1536x1229.jpg 1536w\" sizes=\"(max-width: 2048px) 100vw, 2048px\" \/><\/figure>\n\n\n\n<figure class=\"wp-block-image size-large\"><img decoding=\"async\" width=\"2048\" height=\"1365\" data-id=\"75\" src=\"https:\/\/musicaanticamagnano.com\/wp-content\/uploads\/2021\/12\/DSCF5205-1.jpg\" alt=\"DSCF5205 1\" class=\"wp-image-75\" title=\"Cours de P\u00e2ques\" srcset=\"https:\/\/musicaanticamagnano.com\/wp-content\/uploads\/2021\/12\/DSCF5205-1.jpg 2048w, https:\/\/musicaanticamagnano.com\/wp-content\/uploads\/2021\/12\/DSCF5205-1-300x200.jpg 300w, https:\/\/musicaanticamagnano.com\/wp-content\/uploads\/2021\/12\/DSCF5205-1-1024x683.jpg 1024w, https:\/\/musicaanticamagnano.com\/wp-content\/uploads\/2021\/12\/DSCF5205-1-768x512.jpg 768w, https:\/\/musicaanticamagnano.com\/wp-content\/uploads\/2021\/12\/DSCF5205-1-1536x1024.jpg 1536w\" sizes=\"(max-width: 2048px) 100vw, 2048px\" \/><\/figure>\n\n\n\n<figure class=\"wp-block-image size-large\"><img decoding=\"async\" width=\"2048\" height=\"1638\" data-id=\"72\" src=\"https:\/\/musicaanticamagnano.com\/wp-content\/uploads\/2021\/12\/DSCF5094-1.jpg\" alt=\"DSCF5094 1\" class=\"wp-image-72\" title=\"Cours de P\u00e2ques\" srcset=\"https:\/\/musicaanticamagnano.com\/wp-content\/uploads\/2021\/12\/DSCF5094-1.jpg 2048w, https:\/\/musicaanticamagnano.com\/wp-content\/uploads\/2021\/12\/DSCF5094-1-300x240.jpg 300w, https:\/\/musicaanticamagnano.com\/wp-content\/uploads\/2021\/12\/DSCF5094-1-1024x819.jpg 1024w, https:\/\/musicaanticamagnano.com\/wp-content\/uploads\/2021\/12\/DSCF5094-1-768x614.jpg 768w, https:\/\/musicaanticamagnano.com\/wp-content\/uploads\/2021\/12\/DSCF5094-1-1536x1229.jpg 1536w\" sizes=\"(max-width: 2048px) 100vw, 2048px\" \/><\/figure>\n<\/figure>\n\n\n\n<h3 class=\"wp-block-heading\">Informations<\/h3>\n\n\n\n<p>Les cours comprennent des le\u00e7ons individuelles quotidiennes bas\u00e9es sur des th\u00e8mes propos\u00e9s par les professeurs, des \u00e9tudes sp\u00e9cifiques li\u00e9es au projet d'ensemble et au r\u00e9pertoire personnel de l'\u00e9tudiant. Les recommandations de r\u00e9pertoire faites par nos professeurs se trouvent sur<a href=\"#teachers-section\"><u> leurs pages personnelles ci-dessous<\/u><\/a> ainsi que dans leur curriculum.<\/p>\n\n\n\n<h4 class=\"wp-block-heading\"><strong><strong>En plus de leur cours principal, les \u00e9tudiants peuvent \u00e9galement participer \u00e0 des cours de:<\/strong><\/strong><\/h4>\n\n\n\n<ul class=\"wp-block-list\">\n<li>Musique de chambre<\/li>\n\n\n\n<li>Concerts de P\u00e2ques du festival (entr\u00e9e libre)<\/li>\n\n\n\n<li>Projet d'interpr\u00e9tation d'ensemble (selon le calendrier des r\u00e9p\u00e9titions)<\/li>\n<\/ul>\n\n\n\n<div class=\"wp-block-columns is-layout-flex wp-container-core-columns-is-layout-28f84493 wp-block-columns-is-layout-flex\">\n<div class=\"wp-block-column wp-block-quote is-layout-flow wp-block-column-is-layout-flow\">\n<h4 class=\"wp-block-heading\"><strong><strong>Frais d'inscription<\/strong><\/strong><\/h4>\n\n\n\n<div class=\"wp-block-group\"><div class=\"wp-block-group__inner-container is-layout-flow wp-block-group-is-layout-flow\">\n<ul class=\"wp-block-list\">\n<li>Un cours \u20ac 180,00<\/li>\n\n\n\n<li>Cours suppl\u00e9mentaire \u20ac 80,00<\/li>\n\n\n\n<li>Auditeurs \u20ac 100,00<\/li>\n<\/ul>\n\n\n\n<p>H\u00e9bergement offert (chambres \u00e0 2 ou 3 lits). Repas midi et soir inclus.<\/p>\n\n\n\n<h4 class=\"wp-block-heading\"><strong><strong>Date limite d'inscription et de paiement : 25 mars 202<\/strong><\/strong>6<\/h4>\n<\/div><\/div>\n<\/div>\n<\/div>\n\n\n\n<hr class=\"wp-block-separator has-css-opacity\"\/>\n\n\n\n<p>Associazione Festival Musica Antica a Magnano :<\/p>\n\n\n\n<blockquote class=\"wp-block-quote is-layout-flow wp-block-quote-is-layout-flow\">\n<p>BANCA DI ASTI<br><strong>IBAN:<\/strong> IT66 U 06085 22300 000013700701<br><strong>SWIFT\/BIC:<\/strong> CASRIT22<\/p>\n<\/blockquote>\n\n\n\n<hr class=\"wp-block-separator has-css-opacity\"\/>\n\n\n\n<p>Via Roma 43, 13887 Magnano (BI), Italia<br>E-mail: <a href=\"mailto:info@MusicaAnticaMagnano.com\">info@MusicaAnticaMagnano.com<\/a><br><br>Assessorato alla Cultura della Regione Piemonte<br>Fondazione Cassa di Risparmio di Biella<br>Comune di Magnano<br>Parrocchia di Magnano<br>Fondazione Brauchli<\/p>\n","protected":false},"excerpt":{"rendered":"<p>Sont ouverts \u00e0 tous \u00e0 l\u2019exception des d\u00e9butants. Ils offrent une opportunit\u00e9 rare d\u2019effectuer un travail tr\u00e8s intensif en cinq s\u00e9ances successives. Ils permettent ainsi de peaufiner une pr\u00e9paration d\u00e9j\u00e0 effectu\u00e9e du r\u00e9pertoire personnel ou de d\u00e9couvrir en profondeur des nouvelles \u0153uvres parmi celles propos\u00e9es par les professeurs. Que \u00e7a soit uniquement pour le plaisir [&hellip;]<\/p>\n","protected":false},"author":1,"featured_media":0,"parent":0,"menu_order":0,"comment_status":"closed","ping_status":"closed","template":"","meta":{"iawp_total_views":48,"footnotes":""},"hf_cat_page":[131],"class_list":["post-995","page","type-page","status-publish","hentry"],"publishpress_future_workflow_manual_trigger":{"enabledWorkflows":[]},"_links":{"self":[{"href":"https:\/\/musicaanticamagnano.com\/fr\/wp-json\/wp\/v2\/pages\/995","targetHints":{"allow":["GET"]}}],"collection":[{"href":"https:\/\/musicaanticamagnano.com\/fr\/wp-json\/wp\/v2\/pages"}],"about":[{"href":"https:\/\/musicaanticamagnano.com\/fr\/wp-json\/wp\/v2\/types\/page"}],"author":[{"embeddable":true,"href":"https:\/\/musicaanticamagnano.com\/fr\/wp-json\/wp\/v2\/users\/1"}],"replies":[{"embeddable":true,"href":"https:\/\/musicaanticamagnano.com\/fr\/wp-json\/wp\/v2\/comments?post=995"}],"version-history":[{"count":15,"href":"https:\/\/musicaanticamagnano.com\/fr\/wp-json\/wp\/v2\/pages\/995\/revisions"}],"predecessor-version":[{"id":2204,"href":"https:\/\/musicaanticamagnano.com\/fr\/wp-json\/wp\/v2\/pages\/995\/revisions\/2204"}],"wp:attachment":[{"href":"https:\/\/musicaanticamagnano.com\/fr\/wp-json\/wp\/v2\/media?parent=995"}],"wp:term":[{"taxonomy":"hf_cat_page","embeddable":true,"href":"https:\/\/musicaanticamagnano.com\/fr\/wp-json\/wp\/v2\/hf_cat_page?post=995"}],"curies":[{"name":"wp","href":"https:\/\/api.w.org\/{rel}","templated":true}]}}